{"id":44,"date":"2023-04-21T18:44:36","date_gmt":"2023-04-21T18:44:36","guid":{"rendered":"https:\/\/raiconsgroup.mx\/?page_id=44"},"modified":"2023-05-30T21:26:47","modified_gmt":"2023-05-30T21:26:47","slug":"acerca-de-nosotros-2","status":"publish","type":"page","link":"https:\/\/raiconsgroup.mx\/?page_id=44","title":{"rendered":"Acerca de Nosotros"},"content":{"rendered":"\t\t<div data-elementor-type=\"wp-page\" data-elementor-id=\"44\" class=\"elementor elementor-44\">\n\t\t\t\t\t\t\t\t\t<section class=\"elementor-section elementor-top-section elementor-element elementor-element-4b620e7a elementor-section-content-middle elementor-section-full_width elementor-section-height-default elementor-section-height-default\" data-id=\"4b620e7a\" data-element_type=\"section\">\n\t\t\t\t\t\t<div class=\"elementor-container elementor-column-gap-default\">\n\t\t\t\t\t<div class=\"elementor-column elementor-col-100 elementor-top-column elementor-element elementor-element-6cbea82f\" data-id=\"6cbea82f\" data-element_type=\"column\">\n\t\t\t<div class=\"elementor-widget-wrap elementor-element-populated\">\n\t\t\t\t\t\t\t\t<div class=\"elementor-element elementor-element-5458468e elementor-widget elementor-widget-heading\" data-id=\"5458468e\" data-element_type=\"widget\" data-widget_type=\"heading.default\">\n\t\t\t\t<div class=\"elementor-widget-container\">\n\t\t\t<style>\/*! elementor - v3.14.0 - 26-06-2023 *\/\n.elementor-heading-title{padding:0;margin:0;line-height:1}.elementor-widget-heading .elementor-heading-title[class*=elementor-size-]>a{color:inherit;font-size:inherit;line-height:inherit}.elementor-widget-heading .elementor-heading-title.elementor-size-small{font-size:15px}.elementor-widget-heading .elementor-heading-title.elementor-size-medium{font-size:19px}.elementor-widget-heading .elementor-heading-title.elementor-size-large{font-size:29px}.elementor-widget-heading .elementor-heading-title.elementor-size-xl{font-size:39px}.elementor-widget-heading .elementor-heading-title.elementor-size-xxl{font-size:59px}<\/style><h3 class=\"elementor-heading-title elementor-size-medium\">ACERCA DE <br>RAICONS SERVICIOS INDUSTRIALES<\/h3>\t\t<\/div>\n\t\t\t\t<\/div>\n\t\t\t\t<div class=\"elementor-element elementor-element-19df1f5 elementor-widget-divider--view-line elementor-widget elementor-widget-divider\" data-id=\"19df1f5\" data-element_type=\"widget\" data-widget_type=\"divider.default\">\n\t\t\t\t<div class=\"elementor-widget-container\">\n\t\t\t<style>\/*! elementor - v3.14.0 - 26-06-2023 *\/\n.elementor-widget-divider{--divider-border-style:none;--divider-border-width:1px;--divider-color:#0c0d0e;--divider-icon-size:20px;--divider-element-spacing:10px;--divider-pattern-height:24px;--divider-pattern-size:20px;--divider-pattern-url:none;--divider-pattern-repeat:repeat-x}.elementor-widget-divider .elementor-divider{display:flex}.elementor-widget-divider .elementor-divider__text{font-size:15px;line-height:1;max-width:95%}.elementor-widget-divider .elementor-divider__element{margin:0 var(--divider-element-spacing);flex-shrink:0}.elementor-widget-divider .elementor-icon{font-size:var(--divider-icon-size)}.elementor-widget-divider .elementor-divider-separator{display:flex;margin:0;direction:ltr}.elementor-widget-divider--view-line_icon .elementor-divider-separator,.elementor-widget-divider--view-line_text .elementor-divider-separator{align-items:center}.elementor-widget-divider--view-line_icon .elementor-divider-separator:after,.elementor-widget-divider--view-line_icon .elementor-divider-separator:before,.elementor-widget-divider--view-line_text .elementor-divider-separator:after,.elementor-widget-divider--view-line_text .elementor-divider-separator:before{display:block;content:\"\";border-bottom:0;flex-grow:1;border-top:var(--divider-border-width) var(--divider-border-style) var(--divider-color)}.elementor-widget-divider--element-align-left .elementor-divider .elementor-divider-separator>.elementor-divider__svg:first-of-type{flex-grow:0;flex-shrink:100}.elementor-widget-divider--element-align-left .elementor-divider-separator:before{content:none}.elementor-widget-divider--element-align-left .elementor-divider__element{margin-left:0}.elementor-widget-divider--element-align-right .elementor-divider .elementor-divider-separator>.elementor-divider__svg:last-of-type{flex-grow:0;flex-shrink:100}.elementor-widget-divider--element-align-right .elementor-divider-separator:after{content:none}.elementor-widget-divider--element-align-right .elementor-divider__element{margin-right:0}.elementor-widget-divider:not(.elementor-widget-divider--view-line_text):not(.elementor-widget-divider--view-line_icon) .elementor-divider-separator{border-top:var(--divider-border-width) var(--divider-border-style) var(--divider-color)}.elementor-widget-divider--separator-type-pattern{--divider-border-style:none}.elementor-widget-divider--separator-type-pattern.elementor-widget-divider--view-line .elementor-divider-separator,.elementor-widget-divider--separator-type-pattern:not(.elementor-widget-divider--view-line) .elementor-divider-separator:after,.elementor-widget-divider--separator-type-pattern:not(.elementor-widget-divider--view-line) .elementor-divider-separator:before,.elementor-widget-divider--separator-type-pattern:not([class*=elementor-widget-divider--view]) .elementor-divider-separator{width:100%;min-height:var(--divider-pattern-height);-webkit-mask-size:var(--divider-pattern-size) 100%;mask-size:var(--divider-pattern-size) 100%;-webkit-mask-repeat:var(--divider-pattern-repeat);mask-repeat:var(--divider-pattern-repeat);background-color:var(--divider-color);-webkit-mask-image:var(--divider-pattern-url);mask-image:var(--divider-pattern-url)}.elementor-widget-divider--no-spacing{--divider-pattern-size:auto}.elementor-widget-divider--bg-round{--divider-pattern-repeat:round}.rtl .elementor-widget-divider .elementor-divider__text{direction:rtl}.e-con-inner>.elementor-widget-divider,.e-con>.elementor-widget-divider{width:var(--container-widget-width,100%);--flex-grow:var(--container-widget-flex-grow)}<\/style>\t\t<div class=\"elementor-divider\">\n\t\t\t<span class=\"elementor-divider-separator\">\n\t\t\t\t\t\t<\/span>\n\t\t<\/div>\n\t\t\t\t<\/div>\n\t\t\t\t<\/div>\n\t\t\t\t<div class=\"elementor-element elementor-element-7f2b8b02 elementor-widget elementor-widget-image\" data-id=\"7f2b8b02\" data-element_type=\"widget\" data-widget_type=\"image.default\">\n\t\t\t\t<div class=\"elementor-widget-container\">\n\t\t\t<style>\/*! elementor - v3.14.0 - 26-06-2023 *\/\n.elementor-widget-image{text-align:center}.elementor-widget-image a{display:inline-block}.elementor-widget-image a img[src$=\".svg\"]{width:48px}.elementor-widget-image img{vertical-align:middle;display:inline-block}<\/style>\t\t\t\t\t\t\t\t\t\t\t\t<img decoding=\"async\" src=\"https:\/\/raiconsgroup.mx\/wp-content\/uploads\/2023\/04\/Raicons-Presentacion-1.png\" title=\"Raicons Presentaci\u00f3n (1)\" alt=\"Raicons Presentaci\u00f3n (1)\" loading=\"lazy\" \/>\t\t\t\t\t\t\t\t\t\t\t\t\t\t\t<\/div>\n\t\t\t\t<\/div>\n\t\t\t\t<div class=\"elementor-element elementor-element-53a028da elementor-widget elementor-widget-text-editor\" data-id=\"53a028da\" data-element_type=\"widget\" data-widget_type=\"text-editor.default\">\n\t\t\t\t<div class=\"elementor-widget-container\">\n\t\t\t<style>\/*! elementor - v3.14.0 - 26-06-2023 *\/\n.elementor-widget-text-editor.elementor-drop-cap-view-stacked .elementor-drop-cap{background-color:#69727d;color:#fff}.elementor-widget-text-editor.elementor-drop-cap-view-framed .elementor-drop-cap{color:#69727d;border:3px solid;background-color:transparent}.elementor-widget-text-editor:not(.elementor-drop-cap-view-default) .elementor-drop-cap{margin-top:8px}.elementor-widget-text-editor:not(.elementor-drop-cap-view-default) .elementor-drop-cap-letter{width:1em;height:1em}.elementor-widget-text-editor .elementor-drop-cap{float:left;text-align:center;line-height:1;font-size:50px}.elementor-widget-text-editor .elementor-drop-cap-letter{display:inline-block}<\/style>\t\t\t\t<p class=\"_04xlpA direction-ltr align-justify para-style-body\">\u00a0<\/p><p class=\"_04xlpA direction-ltr align-justify para-style-body\"><span class=\"S1PPyQ\">RAICONS CONSTRUCCIONES, S.A. DE C.V. ES UNA EMPRESA DEDICADA A PROPORCIONAR UN SERVICIO INTEGRAL EN LA INDUSTRIA EN GENERAL, EN LO QUE RESPECTA A EL \u00c1REA DE REFRACTARIOS,AISLAMIENTOS ,OBRA CIVIL, SOLDADURA Y PAILERIA, PROPORCIONANDO SERVICIOS DE MANO DE OBRACALIFICADA EN CADA UNA DE SUS RAMAS, A SI MISMO LA REPRESENTACI\u00d3N Y COMERCIALIZACI\u00d3N DE TODOS LOS MATERIALES NECESARIOS, DE FIRMAS RECONOCIDAS EN EL MERCADO COMO A.P. GREEN DE M\u00c9XICO, VESUVIUS M\u00c9XICO, RHI REFRACTARIOS MEXICANOS, NUTEC, GRUPO INDUSTRIAL MORGAN, PLIBRICO REFRACTARIOS MEXICANOS, AISLANTES MINERALES ROLAN, QUE NOS PERMITEN PROPORCIONAR EL SERVICIOADECUADO Y CON LA CALIDAD REQUERIDA.<\/span><\/p>\t\t\t\t\t\t<\/div>\n\t\t\t\t<\/div>\n\t\t\t\t<div class=\"elementor-element elementor-element-81ab378 elementor-widget elementor-widget-text-editor\" data-id=\"81ab378\" data-element_type=\"widget\" data-widget_type=\"text-editor.default\">\n\t\t\t\t<div class=\"elementor-widget-container\">\n\t\t\t\t\t\t\t<p class=\"_04xlpA direction-ltr align-justify para-style-body\"><span class=\"S1PPyQ\">EN RAICONS, SOMOS RESPONSABLES Y PROFESIONALES, PERO ANTE TODO, ORGULLOSAMENTE MEXICANOS, OFRECEMOS ASESOR\u00cdA ESPECIALIZADA, SERVICIO Y COMERCIALIZACI\u00d3N PARA QUE SU PROYECTO SEA TODO UN \u00c9XITO, M\u00c1S DE 30 A\u00d1OS DE EXPERIENCIA NOS RESPALDAN Y POSEEMOS UNA AMPLIA EXPERIENCIA EN EL MONTAJE DE TODO TIPO DE MATERIAL REFRACTARIO, AISLAMIENTOS, FIBRA CER\u00c1MICA, ETC., EN ALGUNOS SECTORES INDUSTRIALES Y SUS EQUIPOS RESPECTIVOS.<\/span><\/p><p class=\"_04xlpA direction-ltr align-justify para-style-body\">\u00a0<\/p><p class=\"_04xlpA direction-ltr align-justify para-style-body\"><span class=\"S1PPyQ\">TAMBI\u00c9N FIELES A NUESTROS SUE\u00d1OS DIVISI\u00d3N ESTABLECIDA HACE 30 A\u00d1OS, CONTINUAREMOS CONQUISTANDO MERCADOS TANTO NACIONALES COMO INTERNACIONALES Y CUMPLIENDO CON EL SIGNIFICADO DE NUESTRO NOMBRE.<\/span><\/p>\t\t\t\t\t\t<\/div>\n\t\t\t\t<\/div>\n\t\t\t\t\t<\/div>\n\t\t<\/div>\n\t\t\t\t\t\t\t<\/div>\n\t\t<\/section>\n\t\t\t\t<section class=\"elementor-section elementor-top-section elementor-element elementor-element-48f008a elementor-section-boxed elementor-section-height-default elementor-section-height-default\" data-id=\"48f008a\" data-element_type=\"section\">\n\t\t\t\t\t\t<div class=\"elementor-container elementor-column-gap-default\">\n\t\t\t\t\t<div class=\"elementor-column elementor-col-100 elementor-top-column elementor-element elementor-element-ebb832f\" data-id=\"ebb832f\" data-element_type=\"column\">\n\t\t\t<div class=\"elementor-widget-wrap elementor-element-populated\">\n\t\t\t\t\t\t\t\t<div class=\"elementor-element elementor-element-075e0e5 elementor-widget elementor-widget-heading\" data-id=\"075e0e5\" data-element_type=\"widget\" data-widget_type=\"heading.default\">\n\t\t\t\t<div class=\"elementor-widget-container\">\n\t\t\t<h3 class=\"elementor-heading-title elementor-size-medium\">NUESTROS VALORES<\/h3>\t\t<\/div>\n\t\t\t\t<\/div>\n\t\t\t\t<div class=\"elementor-element elementor-element-06cc386 elementor-widget elementor-widget-image\" data-id=\"06cc386\" data-element_type=\"widget\" data-widget_type=\"image.default\">\n\t\t\t\t<div class=\"elementor-widget-container\">\n\t\t\t\t\t\t\t\t\t\t\t\t\t\t\t<img loading=\"lazy\" decoding=\"async\" width=\"768\" height=\"348\" src=\"https:\/\/raiconsgroup.mx\/wp-content\/uploads\/2023\/04\/POLITICA-768x348.png\" class=\"attachment-medium_large size-medium_large wp-image-116\" alt=\"\" srcset=\"https:\/\/raiconsgroup.mx\/wp-content\/uploads\/2023\/04\/POLITICA-768x348.png 768w, https:\/\/raiconsgroup.mx\/wp-content\/uploads\/2023\/04\/POLITICA-300x136.png 300w, https:\/\/raiconsgroup.mx\/wp-content\/uploads\/2023\/04\/POLITICA-1024x465.png 1024w, https:\/\/raiconsgroup.mx\/wp-content\/uploads\/2023\/04\/POLITICA.png 1175w\" sizes=\"(max-width: 768px) 100vw, 768px\" \/>\t\t\t\t\t\t\t\t\t\t\t\t\t\t\t<\/div>\n\t\t\t\t<\/div>\n\t\t\t\t\t<\/div>\n\t\t<\/div>\n\t\t\t\t\t\t\t<\/div>\n\t\t<\/section>\n\t\t\t\t<section class=\"elementor-section elementor-top-section elementor-element elementor-element-e4a3d0d elementor-section-boxed elementor-section-height-default elementor-section-height-default\" data-id=\"e4a3d0d\" data-element_type=\"section\">\n\t\t\t\t\t\t<div class=\"elementor-container elementor-column-gap-default\">\n\t\t\t\t\t<div class=\"elementor-column elementor-col-100 elementor-top-column elementor-element elementor-element-4c74b8c\" data-id=\"4c74b8c\" data-element_type=\"column\">\n\t\t\t<div class=\"elementor-widget-wrap elementor-element-populated\">\n\t\t\t\t\t\t\t\t<div class=\"elementor-element elementor-element-1285055 elementor-widget elementor-widget-image\" data-id=\"1285055\" data-element_type=\"widget\" data-widget_type=\"image.default\">\n\t\t\t\t<div class=\"elementor-widget-container\">\n\t\t\t\t\t\t\t\t\t\t\t\t\t\t\t<img loading=\"lazy\" decoding=\"async\" width=\"768\" height=\"278\" src=\"https:\/\/raiconsgroup.mx\/wp-content\/uploads\/2023\/04\/MISION-768x278.png\" class=\"attachment-medium_large size-medium_large wp-image-124\" alt=\"\" srcset=\"https:\/\/raiconsgroup.mx\/wp-content\/uploads\/2023\/04\/MISION-768x278.png 768w, https:\/\/raiconsgroup.mx\/wp-content\/uploads\/2023\/04\/MISION-300x109.png 300w, https:\/\/raiconsgroup.mx\/wp-content\/uploads\/2023\/04\/MISION-1024x371.png 1024w, https:\/\/raiconsgroup.mx\/wp-content\/uploads\/2023\/04\/MISION.png 1361w\" sizes=\"(max-width: 768px) 100vw, 768px\" \/>\t\t\t\t\t\t\t\t\t\t\t\t\t\t\t<\/div>\n\t\t\t\t<\/div>\n\t\t\t\t\t<\/div>\n\t\t<\/div>\n\t\t\t\t\t\t\t<\/div>\n\t\t<\/section>\n\t\t\t\t<section class=\"elementor-section elementor-top-section elementor-element elementor-element-e132a86 elementor-section-boxed elementor-section-height-default elementor-section-height-default\" data-id=\"e132a86\" data-element_type=\"section\">\n\t\t\t\t\t\t<div class=\"elementor-container elementor-column-gap-default\">\n\t\t\t\t\t<div class=\"elementor-column elementor-col-100 elementor-top-column elementor-element elementor-element-70a5684\" data-id=\"70a5684\" data-element_type=\"column\">\n\t\t\t<div class=\"elementor-widget-wrap elementor-element-populated\">\n\t\t\t\t\t\t\t\t<div class=\"elementor-element elementor-element-e23c107 elementor-widget elementor-widget-heading\" data-id=\"e23c107\" data-element_type=\"widget\" data-widget_type=\"heading.default\">\n\t\t\t\t<div class=\"elementor-widget-container\">\n\t\t\t<h3 class=\"elementor-heading-title elementor-size-medium\">NUESTROS CLIENTES<\/h3>\t\t<\/div>\n\t\t\t\t<\/div>\n\t\t\t\t<div class=\"elementor-element elementor-element-2ccc404 elementor-widget elementor-widget-image\" data-id=\"2ccc404\" data-element_type=\"widget\" data-widget_type=\"image.default\">\n\t\t\t\t<div class=\"elementor-widget-container\">\n\t\t\t\t\t\t\t\t\t\t\t\t\t\t\t<img loading=\"lazy\" decoding=\"async\" width=\"1024\" height=\"576\" src=\"https:\/\/raiconsgroup.mx\/wp-content\/uploads\/2023\/04\/CV-RAICONS-1-1024x576.png\" class=\"attachment-large size-large wp-image-128\" alt=\"\" srcset=\"https:\/\/raiconsgroup.mx\/wp-content\/uploads\/2023\/04\/CV-RAICONS-1-1024x576.png 1024w, https:\/\/raiconsgroup.mx\/wp-content\/uploads\/2023\/04\/CV-RAICONS-1-300x169.png 300w, https:\/\/raiconsgroup.mx\/wp-content\/uploads\/2023\/04\/CV-RAICONS-1-768x432.png 768w, https:\/\/raiconsgroup.mx\/wp-content\/uploads\/2023\/04\/CV-RAICONS-1-1536x864.png 1536w, https:\/\/raiconsgroup.mx\/wp-content\/uploads\/2023\/04\/CV-RAICONS-1.png 1920w\" sizes=\"(max-width: 1024px) 100vw, 1024px\" \/>\t\t\t\t\t\t\t\t\t\t\t\t\t\t\t<\/div>\n\t\t\t\t<\/div>\n\t\t\t\t\t<\/div>\n\t\t<\/div>\n\t\t\t\t\t\t\t<\/div>\n\t\t<\/section>\n\t\t\t\t\t\t\t<\/div>\n\t\t","protected":false},"excerpt":{"rendered":"<p>ACERCA DE RAICONS SERVICIOS INDUSTRIALES \u00a0 RAICONS CONSTRUCCIONES, S.A. DE C.V. ES UNA EMPRESA DEDICADA A PROPORCIONAR UN SERVICIO INTEGRAL EN LA INDUSTRIA EN GENERAL, EN LO QUE RESPECTA A EL \u00c1REA DE REFRACTARIOS,AISLAMIENTOS ,OBRA CIVIL, SOLDADURA Y PAILERIA, PROPORCIONANDO SERVICIOS DE MANO DE OBRACALIFICADA EN CADA UNA DE SUS RAMAS, A SI MISMO LA [&hellip;]<\/p>\n","protected":false},"author":1,"featured_media":0,"parent":0,"menu_order":0,"comment_status":"closed","ping_status":"closed","template":"","meta":{"_joinchat":[],"footnotes":""},"_links":{"self":[{"href":"https:\/\/raiconsgroup.mx\/index.php?rest_route=\/wp\/v2\/pages\/44"}],"collection":[{"href":"https:\/\/raiconsgroup.mx\/index.php?rest_route=\/wp\/v2\/pages"}],"about":[{"href":"https:\/\/raiconsgroup.mx\/index.php?rest_route=\/wp\/v2\/types\/page"}],"author":[{"embeddable":true,"href":"https:\/\/raiconsgroup.mx\/index.php?rest_route=\/wp\/v2\/users\/1"}],"replies":[{"embeddable":true,"href":"https:\/\/raiconsgroup.mx\/index.php?rest_route=%2Fwp%2Fv2%2Fcomments&post=44"}],"version-history":[{"count":40,"href":"https:\/\/raiconsgroup.mx\/index.php?rest_route=\/wp\/v2\/pages\/44\/revisions"}],"predecessor-version":[{"id":262,"href":"https:\/\/raiconsgroup.mx\/index.php?rest_route=\/wp\/v2\/pages\/44\/revisions\/262"}],"wp:attachment":[{"href":"https:\/\/raiconsgroup.mx\/index.php?rest_route=%2Fwp%2Fv2%2Fmedia&parent=44"}],"curies":[{"name":"wp","href":"https:\/\/api.w.org\/{rel}","templated":true}]}}